{"id":741,"date":"2024-02-26T16:16:19","date_gmt":"2024-02-26T16:16:19","guid":{"rendered":"https:\/\/inspiring.tonello.com\/la-historia\/"},"modified":"2024-05-23T13:07:25","modified_gmt":"2024-05-23T13:07:25","slug":"la-historia","status":"publish","type":"page","link":"https:\/\/inspiring.tonello.com\/es\/la-historia\/","title":{"rendered":"La Historia"},"content":{"rendered":"<p>[et_pb_section fb_built=\u00bb1&#8243; _builder_version=\u00bb4.24.2&#8243; _module_preset=\u00bbdefault\u00bb background_color=\u00bbRGBA(255,255,255,0)\u00bb global_colors_info=\u00bb{}\u00bb][et_pb_row column_structure=\u00bb1_2,1_2&#8243; custom_padding_last_edited=\u00bbon|phone\u00bb _builder_version=\u00bb4.23.1&#8243; _module_preset=\u00bbdefault\u00bb custom_margin=\u00bb||||false|false\u00bb custom_padding_tablet=\u00bb\u00bb custom_padding_phone=\u00bb0px||||false|false\u00bb locked=\u00bboff\u00bb global_colors_info=\u00bb{}\u00bb][et_pb_column type=\u00bb1_2&#8243; _builder_version=\u00bb4.21.0&#8243; _module_preset=\u00bbdefault\u00bb global_colors_info=\u00bb{}\u00bb][et_pb_text _builder_version=\u00bb4.24.2&#8243; _module_preset=\u00bbdefault\u00bb header_2_font=\u00bb|800|||||||\u00bb header_2_text_color=\u00bb#000000&#8243; header_2_font_size=\u00bb7em\u00bb custom_margin=\u00bb||1%||false|false\u00bb header_2_font_size_tablet=\u00bb7em\u00bb header_2_font_size_phone=\u00bb5em\u00bb header_2_font_size_last_edited=\u00bbon|phone\u00bb global_colors_info=\u00bb{}\u00bb]<\/p>\n<h2>La<\/h2>\n<p>[\/et_pb_text][et_pb_text _builder_version=\u00bb4.24.2&#8243; _module_preset=\u00bbdefault\u00bb header_2_font=\u00bb||on||||||\u00bb header_2_text_color=\u00bb#000000&#8243; header_2_font_size=\u00bb7em\u00bb custom_margin=\u00bb-3%||||false|false\u00bb header_2_font_size_tablet=\u00bb7em\u00bb header_2_font_size_phone=\u00bb3.5em\u00bb header_2_font_size_last_edited=\u00bbon|phone\u00bb global_colors_info=\u00bb{}\u00bb]<\/p>\n<h2 class=\"p1\">Historia<\/h2>\n<p>[\/et_pb_text][et_pb_code _builder_version=\u00bb4.24.2&#8243; _module_preset=\u00bbdefault\u00bb transform_rotate=\u00bb10deg|0deg|45deg\u00bb positioning=\u00bbabsolute\u00bb position_origin_a=\u00bbcenter_center\u00bb width=\u00bb50%\u00bb locked=\u00bboff\u00bb global_colors_info=\u00bb{}\u00bb]<img decoding=\"async\" class=\"animated-curves\" src=\"\/wp-content\/themes\/indaweb-child\/assets\/animated-curves.gif\" alt=\"Animated Line\">[\/et_pb_code][\/et_pb_column][et_pb_column type=\u00bb1_2&#8243; _builder_version=\u00bb4.21.0&#8243; _module_preset=\u00bbdefault\u00bb global_colors_info=\u00bb{}\u00bb][et_pb_image src=\u00bbhttps:\/\/inspiring.tonello.com\/wp-content\/uploads\/2024\/03\/Tonello_Book_Inspiring-gif_opt.gif\u00bb title_text=\u00bbTonello_Book_Inspiring-gif_opt\u00bb _builder_version=\u00bb4.24.2&#8243; _module_preset=\u00bbdefault\u00bb mix_blend_mode=\u00bboverlay\u00bb global_colors_info=\u00bb{}\u00bb][\/et_pb_image][\/et_pb_column][\/et_pb_row][et_pb_row _builder_version=\u00bb4.24.2&#8243; _module_preset=\u00bbdefault\u00bb global_colors_info=\u00bb{}\u00bb][et_pb_column type=\u00bb4_4&#8243; _builder_version=\u00bb4.24.2&#8243; _module_preset=\u00bbdefault\u00bb global_colors_info=\u00bb{}\u00bb][ba_animated_text animated_text=\u00bb%91{%22value%22:%22Hay muchas formas de contar la historia de una empresa.%22,%22checked%22:0,%22dragID%22:-1}%93&#8243; animation_type=\u00bbtilt\u00bb tilt_out=\u00bbpulse\u00bb tilt_delay=\u00bb29ms\u00bb tilt_sync=\u00bbon|off\u00bb tilt_shuffle=\u00bbon|off\u00bb text_alignment=\u00bbcenter\u00bb _builder_version=\u00bb4.24.2&#8243; _module_preset=\u00bbdefault\u00bb animated_font=\u00bb|700|||||||\u00bb animated_font_size=\u00bb2em\u00bb animated_letter_spacing=\u00bb1px\u00bb scroll_horizontal_motion_enable=\u00bbon\u00bb scroll_horizontal_motion=\u00bb0|50|50|100|-4|0|4&#8243; scroll_blur_enable=\u00bbon\u00bb animated_font_size_tablet=\u00bb3.7em\u00bb animated_font_size_phone=\u00bb2em\u00bb animated_font_size_last_edited=\u00bboff|desktop\u00bb animated_letter_spacing_tablet=\u00bb0px\u00bb animated_letter_spacing_phone=\u00bb0px\u00bb animated_letter_spacing_last_edited=\u00bbon|tablet\u00bb scroll_horizontal_motion_tablet=\u00bb0|50|50|100|0|0|0&#8243; scroll_horizontal_motion_phone=\u00bb0|50|50|100|0|0|0&#8243; scroll_horizontal_motion_last_edited=\u00bbon|tablet\u00bb locked=\u00bboff\u00bb global_colors_info=\u00bb{}\u00bb][\/ba_animated_text][\/et_pb_column][\/et_pb_row][et_pb_row column_structure=\u00bb1_2,1_2&#8243; make_equal=\u00bbon\u00bb _builder_version=\u00bb4.24.2&#8243; _module_preset=\u00bbdefault\u00bb global_colors_info=\u00bb{}\u00bb][et_pb_column type=\u00bb1_2&#8243; _builder_version=\u00bb4.24.2&#8243; _module_preset=\u00bbdefault\u00bb global_colors_info=\u00bb{}\u00bb][et_pb_text _builder_version=\u00bb4.24.2&#8243; _module_preset=\u00bbdefault\u00bb text_font_size=\u00bb1.5em\u00bb text_line_height=\u00bb1.4em\u00bb global_colors_info=\u00bb{}\u00bb]<\/p>\n<p><span style=\"font-weight: 400;\">Para celebrar nuestros primeros 40 a\u00f1os, hemos elegido hacerlo de manera extremadamente <span style=\"text-decoration: underline;\"><strong>engaging<\/strong> <\/span>y <span style=\"text-decoration: underline;\"><strong>experiencial<\/strong><\/span>a trav\u00e9s de una narrativa centrada en el \u00abhecho en Italia\u00bb, la innovaci\u00f3n, las tecnolog\u00edas y la sostenibilidad, as\u00ed como la conexi\u00f3n con el territorio: conceptos fundamentales que est\u00e1n estrechamente relacionados entre s\u00ed y que han sido consistentemente <strong><em>guiados<\/em> <\/strong>y <strong><em>inspirados<\/em><\/strong>.<\/span><\/p>\n<p>[\/et_pb_text][\/et_pb_column][et_pb_column type=\u00bb1_2&#8243; _builder_version=\u00bb4.24.2&#8243; _module_preset=\u00bbdefault\u00bb background_image=\u00bbhttps:\/\/inspiring.tonello.com\/wp-content\/uploads\/2024\/02\/inspiring_esecutivo_80s_1.jpg\u00bb parallax=\u00bbon\u00bb global_colors_info=\u00bb{}\u00bb][et_pb_divider show_divider=\u00bboff\u00bb _builder_version=\u00bb4.24.2&#8243; _module_preset=\u00bbdefault\u00bb min_height=\u00bb35vh\u00bb global_colors_info=\u00bb{}\u00bb][\/et_pb_divider][\/et_pb_column][\/et_pb_row][et_pb_row _builder_version=\u00bb4.24.2&#8243; _module_preset=\u00bbdefault\u00bb global_colors_info=\u00bb{}\u00bb][et_pb_column type=\u00bb4_4&#8243; _builder_version=\u00bb4.24.2&#8243; _module_preset=\u00bbdefault\u00bb global_colors_info=\u00bb{}\u00bb][et_pb_text _builder_version=\u00bb4.24.2&#8243; _module_preset=\u00bbdefault\u00bb text_font_size=\u00bb1.8em\u00bb text_line_height=\u00bb1.2em\u00bb text_orientation=\u00bbcenter\u00bb module_alignment=\u00bbcenter\u00bb custom_margin_tablet=\u00bb\u00bb custom_margin_phone=\u00bb10%||||false|false\u00bb custom_margin_last_edited=\u00bbon|phone\u00bb text_font_size_tablet=\u00bb1.5em\u00bb text_font_size_phone=\u00bb1.3em\u00bb text_font_size_last_edited=\u00bbon|tablet\u00bb locked=\u00bboff\u00bb global_colors_info=\u00bb{}\u00bb]Esta es la narrativa, articulada en varios vol\u00famenes, que explora el mundo del denim, su evoluci\u00f3n, evocando atm\u00f3sferas, im\u00e1genes y sensaciones, entrelaz\u00e1ndolas con momentos destacados de la vida social y del mundo real.[\/et_pb_text][\/et_pb_column][\/et_pb_row][et_pb_row _builder_version=\u00bb4.24.2&#8243; _module_preset=\u00bbdefault\u00bb locked=\u00bboff\u00bb global_colors_info=\u00bb{}\u00bb][et_pb_column type=\u00bb4_4&#8243; _builder_version=\u00bb4.24.2&#8243; _module_preset=\u00bbdefault\u00bb global_colors_info=\u00bb{}\u00bb][et_pb_code _builder_version=\u00bb4.24.2&#8243; _module_preset=\u00bbdefault\u00bb transform_rotate=\u00bb10deg|0deg|45deg\u00bb positioning=\u00bbabsolute\u00bb position_origin_a=\u00bbcenter_center\u00bb width=\u00bb50%\u00bb global_colors_info=\u00bb{}\u00bb]<img decoding=\"async\" class=\"animated-curves\" src=\"\/wp-content\/themes\/indaweb-child\/assets\/animated-curves.gif\" alt=\"Animated Line\">[\/et_pb_code][\/et_pb_column][\/et_pb_row][et_pb_row column_structure=\u00bb3_5,2_5&#8243; make_equal=\u00bbon\u00bb _builder_version=\u00bb4.24.2&#8243; _module_preset=\u00bbdefault\u00bb custom_css_main_element=\u00bbalign-items:flex-end;\u00bb global_colors_info=\u00bb{}\u00bb][et_pb_column type=\u00bb3_5&#8243; _builder_version=\u00bb4.24.2&#8243; _module_preset=\u00bbdefault\u00bb global_colors_info=\u00bb{}\u00bb][et_pb_image src=\u00bbhttps:\/\/inspiring.tonello.com\/wp-content\/uploads\/2024\/02\/inspiring_esecutivo_1.jpg\u00bb title_text=\u00bbinspirador_ejecutivo_1&#8243; _builder_version=\u00bb4.24.2&#8243; _module_preset=\u00bbdefault\u00bb scroll_scaling_enable=\u00bbon\u00bb scroll_scaling=\u00bb0|50|50|100|105%|100|80%\u00bb locked=\u00bboff\u00bb global_colors_info=\u00bb{}\u00bb][\/et_pb_image][\/et_pb_column][et_pb_column type=\u00bb2_5&#8243; _builder_version=\u00bb4.24.2&#8243; _module_preset=\u00bbdefault\u00bb global_colors_info=\u00bb{}\u00bb][et_pb_text _builder_version=\u00bb4.24.2&#8243; _module_preset=\u00bbdefault\u00bb text_font_size=\u00bb1.25em\u00bb text_line_height=\u00bb1.4em\u00bb global_colors_info=\u00bb{}\u00bb]<\/p>\n<p>Un breve viaje en el tiempo, entre los pliegues de la memoria, en busca de recuerdos, sue\u00f1os y situaciones indelebles, para compartir con ustedes lo que hemos sido, somos y seremos.<\/p>\n<p>De hecho, esta \u00abpeque\u00f1a colecci\u00f3n\u00bb no naci\u00f3 tanto para celebrar el pasado como para marcar el comienzo de un nuevo futuro.<\/p>\n<p>[\/et_pb_text][\/et_pb_column][\/et_pb_row][et_pb_row _builder_version=\u00bb4.24.2&#8243; _module_preset=\u00bbdefault\u00bb locked=\u00bboff\u00bb global_colors_info=\u00bb{}\u00bb][et_pb_column type=\u00bb4_4&#8243; _builder_version=\u00bb4.24.2&#8243; _module_preset=\u00bbdefault\u00bb global_colors_info=\u00bb{}\u00bb][dipl_fancy_text text_style=\u00bbdipl_clipping\u00bb fancy_text=\u00bbDe un viaje que promete ser, una vez m\u00e1s, extraordinario.  \u00bb clip_image=\u00bbhttps:\/\/inspiring.tonello.com\/wp-content\/uploads\/2024\/02\/Tonello_Indigo_DyeMate_1.jpg\u00bb clip_bg_position=\u00bbbottom center\u00bb _builder_version=\u00bb4.25.1&#8243; _module_preset=\u00bbdefault\u00bb body_font=\u00bb|700|||||||\u00bb body_text_align=\u00bbcenter\u00bb body_font_size=\u00bb4em\u00bb body_line_height=\u00bb1.2em\u00bb background_enable_image=\u00bboff\u00bb animation_style=\u00bbslide\u00bb animation_direction=\u00bbbottom\u00bb animation_duration=\u00bb2000ms\u00bb animation_intensity_slide=\u00bb10%\u00bb animation_speed_curve=\u00bbease\u00bb hover_enabled=\u00bb0&#8243; body_font_size_tablet=\u00bb6em\u00bb body_font_size_phone=\u00bb3em\u00bb body_font_size_last_edited=\u00bbon|tablet\u00bb global_colors_info=\u00bb{}\u00bb sticky_enabled=\u00bb0&#8243;][\/dipl_fancy_text][\/et_pb_column][\/et_pb_row][et_pb_row _builder_version=\u00bb4.24.2&#8243; _module_preset=\u00bbdefault\u00bb global_colors_info=\u00bb{}\u00bb][et_pb_column type=\u00bb4_4&#8243; _builder_version=\u00bb4.24.2&#8243; _module_preset=\u00bbdefault\u00bb global_colors_info=\u00bb{}\u00bb][\/et_pb_column][\/et_pb_row][et_pb_row _builder_version=\u00bb4.24.2&#8243; _module_preset=\u00bbdefault\u00bb global_colors_info=\u00bb{}\u00bb][et_pb_column type=\u00bb4_4&#8243; _builder_version=\u00bb4.24.2&#8243; _module_preset=\u00bbdefault\u00bb global_colors_info=\u00bb{}\u00bb][et_pb_code _builder_version=\u00bb4.24.2&#8243; _module_preset=\u00bbdefault\u00bb global_colors_info=\u00bb{}\u00bb]<div class=\"dossier-list\"><div class=\"single-dossier\"><a class=\"dossier-main-link\" href=\"https:\/\/inspiring.tonello.com\/es\/story\/segundo-acto-la-evolucion-de-la-lavanderia-y-de-tonello-una-historia-como-una-pelicula\/\"><img decoding=\"async\" class=\"dossier-image\" src=\"https:\/\/inspiring.tonello.com\/wp-content\/uploads\/2024\/04\/05A_TONELLO_INSPIRING2_PAROLE-_6-5-scaled.jpg\" alt=\"Segundo Acto &lt;br&gt;La evoluci\u00f3n de la lavander\u00eda (y de Tonello).&lt;br&gt;Una historia como una pel\u00edcula.\">                        <img decoding=\"async\" class=\"animated-curves\" src=\"\/wp-content\/themes\/indaweb-child\/assets\/animated-curves.gif\" alt=\"Animated Line\">\n                    <\/a><div class=\"dossier-meta\"><p class=\"dossier-date\">El segundo volumen de nuestro viaje<\/p><a href=\"https:\/\/inspiring.tonello.com\/es\/story\/segundo-acto-la-evolucion-de-la-lavanderia-y-de-tonello-una-historia-como-una-pelicula\/\"><h2 class=\"dossier-title\">Segundo Acto <br>La evoluci\u00f3n de la lavander\u00eda (y de Tonello).<br>Una historia como una pel\u00edcula.<\/h2><img decoding=\"async\" src=\"\/wp-content\/themes\/indaweb-child\/assets\/arrow-left.png\" alt=\"\"><\/a><\/div><\/div><div class=\"single-dossier\"><a class=\"dossier-main-link\" href=\"https:\/\/inspiring.tonello.com\/es\/story\/la-evolucion-de-la-lavanderia-y-de-tonello-una-historia-como-una-pelicula\/\"><img decoding=\"async\" class=\"dossier-image\" src=\"https:\/\/inspiring.tonello.com\/wp-content\/uploads\/2024\/02\/inspiring_esecutivo_2.jpg\" alt=\"1er Acto &lt;br&gt;La evoluci\u00f3n de la lavander\u00eda (y de Tonello).&lt;br&gt;Una historia como una pel\u00edcula.\">                        <img decoding=\"async\" class=\"animated-curves\" src=\"\/wp-content\/themes\/indaweb-child\/assets\/animated-curves.gif\" alt=\"Animated Line\">\n                    <\/a><div class=\"dossier-meta\"><p class=\"dossier-date\">El primer volumen de nuestro viaje<\/p><a href=\"https:\/\/inspiring.tonello.com\/es\/story\/la-evolucion-de-la-lavanderia-y-de-tonello-una-historia-como-una-pelicula\/\"><h2 class=\"dossier-title\">1er Acto <br>La evoluci\u00f3n de la lavander\u00eda (y de Tonello).<br>Una historia como una pel\u00edcula.<\/h2><img decoding=\"async\" src=\"\/wp-content\/themes\/indaweb-child\/assets\/arrow-left.png\" alt=\"\"><\/a><\/div><\/div><\/div>[\/et_pb_code][\/et_pb_column][\/et_pb_row][\/et_pb_section][et_pb_section fb_built=\u00bb1&#8243; _builder_version=\u00bb4.24.2&#8243; _module_preset=\u00bbdefault\u00bb global_colors_info=\u00bb{}\u00bb][et_pb_row _builder_version=\u00bb4.24.2&#8243; _module_preset=\u00bbdefault\u00bb global_colors_info=\u00bb{}\u00bb][et_pb_column type=\u00bb4_4&#8243; _builder_version=\u00bb4.24.2&#8243; _module_preset=\u00bbdefault\u00bb global_colors_info=\u00bb{}\u00bb][\/et_pb_column][\/et_pb_row][\/et_pb_section]<\/p>\n","protected":false},"excerpt":{"rendered":"<p>[et_pb_section fb_built=\u00bb1&#8243; _builder_version=\u00bb4.24.2&#8243; _module_preset=\u00bbdefault\u00bb background_color=\u00bbRGBA(255,255,255,0)\u00bb global_colors_info=\u00bb{}\u00bb][et_pb_row column_structure=\u00bb1_2,1_2&#8243; custom_padding_last_edited=\u00bbon|phone\u00bb _builder_version=\u00bb4.23.1&#8243; _module_preset=\u00bbdefault\u00bb custom_margin=\u00bb||||false|false\u00bb custom_padding_tablet=\u00bb\u00bb custom_padding_phone=\u00bb0px||||false|false\u00bb locked=\u00bboff\u00bb global_colors_info=\u00bb{}\u00bb][et_pb_column type=\u00bb1_2&#8243; _builder_version=\u00bb4.21.0&#8243; _module_preset=\u00bbdefault\u00bb global_colors_info=\u00bb{}\u00bb][et_pb_text _builder_version=\u00bb4.24.2&#8243; _module_preset=\u00bbdefault\u00bb header_2_font=\u00bb|800|||||||\u00bb header_2_text_color=\u00bb#000000&#8243; header_2_font_size=\u00bb7em\u00bb custom_margin=\u00bb||1%||false|false\u00bb header_2_font_size_tablet=\u00bb7em\u00bb header_2_font_size_phone=\u00bb5em\u00bb header_2_font_size_last_edited=\u00bbon|phone\u00bb global_colors_info=\u00bb{}\u00bb] La [\/et_pb_text][et_pb_text _builder_version=\u00bb4.24.2&#8243; _module_preset=\u00bbdefault\u00bb header_2_font=\u00bb||on||||||\u00bb header_2_text_color=\u00bb#000000&#8243; header_2_font_size=\u00bb7em\u00bb custom_margin=\u00bb-3%||||false|false\u00bb header_2_font_size_tablet=\u00bb7em\u00bb header_2_font_size_phone=\u00bb3.5em\u00bb header_2_font_size_last_edited=\u00bbon|phone\u00bb global_colors_info=\u00bb{}\u00bb] Historia [\/et_pb_text][et_pb_code _builder_version=\u00bb4.24.2&#8243; _module_preset=\u00bbdefault\u00bb transform_rotate=\u00bb10deg|0deg|45deg\u00bb positioning=\u00bbabsolute\u00bb position_origin_a=\u00bbcenter_center\u00bb width=\u00bb50%\u00bb locked=\u00bboff\u00bb global_colors_info=\u00bb{}\u00bb][\/et_pb_code][\/et_pb_column][et_pb_column type=\u00bb1_2&#8243; _builder_version=\u00bb4.21.0&#8243; _module_preset=\u00bbdefault\u00bb global_colors_info=\u00bb{}\u00bb][et_pb_image [&hellip;]<\/p>\n","protected":false},"author":1,"featured_media":5413,"parent":0,"menu_order":0,"comment_status":"closed","ping_status":"closed","template":"","meta":{"_acf_changed":false,"_et_pb_use_builder":"on","_et_pb_old_content":"","_et_gb_content_width":"","footnotes":""},"class_list":["post-741","page","type-page","status-publish","has-post-thumbnail","hentry"],"acf":[],"yoast_head":"<!-- This site is optimized with the Yoast SEO plugin v23.3 - https:\/\/yoast.com\/wordpress\/plugins\/seo\/ -->\n<title>La Historia - Tonello Inspiring<\/title>\n<meta name=\"robots\" content=\"index, follow, max-snippet:-1, max-image-preview:large, max-video-preview:-1\" \/>\n<link rel=\"canonical\" href=\"https:\/\/inspiring.tonello.com\/es\/la-historia\/\" \/>\n<meta property=\"og:locale\" content=\"es_ES\" \/>\n<meta property=\"og:type\" content=\"article\" \/>\n<meta property=\"og:title\" content=\"La Historia - Tonello Inspiring\" \/>\n<meta property=\"og:description\" content=\"[et_pb_section fb_built=\u00bb1&#8243; _builder_version=\u00bb4.24.2&#8243; _module_preset=\u00bbdefault\u00bb background_color=\u00bbRGBA(255,255,255,0)\u00bb global_colors_info=\u00bb{}\u00bb][et_pb_row column_structure=\u00bb1_2,1_2&#8243; custom_padding_last_edited=\u00bbon|phone\u00bb _builder_version=\u00bb4.23.1&#8243; _module_preset=\u00bbdefault\u00bb custom_margin=\u00bb||||false|false\u00bb custom_padding_tablet=\u00bb\u00bb custom_padding_phone=\u00bb0px||||false|false\u00bb locked=\u00bboff\u00bb global_colors_info=\u00bb{}\u00bb][et_pb_column type=\u00bb1_2&#8243; _builder_version=\u00bb4.21.0&#8243; _module_preset=\u00bbdefault\u00bb global_colors_info=\u00bb{}\u00bb][et_pb_text _builder_version=\u00bb4.24.2&#8243; _module_preset=\u00bbdefault\u00bb header_2_font=\u00bb|800|||||||\u00bb header_2_text_color=\u00bb#000000&#8243; header_2_font_size=\u00bb7em\u00bb custom_margin=\u00bb||1%||false|false\u00bb header_2_font_size_tablet=\u00bb7em\u00bb header_2_font_size_phone=\u00bb5em\u00bb header_2_font_size_last_edited=\u00bbon|phone\u00bb global_colors_info=\u00bb{}\u00bb] La [\/et_pb_text][et_pb_text _builder_version=\u00bb4.24.2&#8243; _module_preset=\u00bbdefault\u00bb header_2_font=\u00bb||on||||||\u00bb header_2_text_color=\u00bb#000000&#8243; header_2_font_size=\u00bb7em\u00bb custom_margin=\u00bb-3%||||false|false\u00bb header_2_font_size_tablet=\u00bb7em\u00bb header_2_font_size_phone=\u00bb3.5em\u00bb header_2_font_size_last_edited=\u00bbon|phone\u00bb global_colors_info=\u00bb{}\u00bb] Historia [\/et_pb_text][et_pb_code _builder_version=\u00bb4.24.2&#8243; _module_preset=\u00bbdefault\u00bb transform_rotate=\u00bb10deg|0deg|45deg\u00bb positioning=\u00bbabsolute\u00bb position_origin_a=\u00bbcenter_center\u00bb width=\u00bb50%\u00bb locked=\u00bboff\u00bb global_colors_info=\u00bb{}\u00bb][\/et_pb_code][\/et_pb_column][et_pb_column type=\u00bb1_2&#8243; _builder_version=\u00bb4.21.0&#8243; _module_preset=\u00bbdefault\u00bb global_colors_info=\u00bb{}\u00bb][et_pb_image [&hellip;]\" \/>\n<meta property=\"og:url\" content=\"https:\/\/inspiring.tonello.com\/es\/la-historia\/\" \/>\n<meta property=\"og:site_name\" content=\"Tonello Inspiring\" \/>\n<meta property=\"article:modified_time\" content=\"2024-05-23T13:07:25+00:00\" \/>\n<meta name=\"twitter:card\" content=\"summary_large_image\" \/>\n<meta name=\"twitter:label1\" content=\"Tiempo de lectura\" \/>\n\t<meta name=\"twitter:data1\" content=\"6 minutos\" \/>\n<script type=\"application\/ld+json\" class=\"yoast-schema-graph\">{\"@context\":\"https:\/\/schema.org\",\"@graph\":[{\"@type\":\"WebPage\",\"@id\":\"https:\/\/inspiring.tonello.com\/es\/la-historia\/\",\"url\":\"https:\/\/inspiring.tonello.com\/es\/la-historia\/\",\"name\":\"La Historia - Tonello Inspiring\",\"isPartOf\":{\"@id\":\"https:\/\/inspiring.tonello.com\/es\/#website\"},\"primaryImageOfPage\":{\"@id\":\"https:\/\/inspiring.tonello.com\/es\/la-historia\/#primaryimage\"},\"image\":{\"@id\":\"https:\/\/inspiring.tonello.com\/es\/la-historia\/#primaryimage\"},\"thumbnailUrl\":\"https:\/\/inspiring.tonello.com\/wp-content\/uploads\/2024\/11\/book.png\",\"datePublished\":\"2024-02-26T16:16:19+00:00\",\"dateModified\":\"2024-05-23T13:07:25+00:00\",\"breadcrumb\":{\"@id\":\"https:\/\/inspiring.tonello.com\/es\/la-historia\/#breadcrumb\"},\"inLanguage\":\"es\",\"potentialAction\":[{\"@type\":\"ReadAction\",\"target\":[\"https:\/\/inspiring.tonello.com\/es\/la-historia\/\"]}]},{\"@type\":\"ImageObject\",\"inLanguage\":\"es\",\"@id\":\"https:\/\/inspiring.tonello.com\/es\/la-historia\/#primaryimage\",\"url\":\"https:\/\/inspiring.tonello.com\/wp-content\/uploads\/2024\/11\/book.png\",\"contentUrl\":\"https:\/\/inspiring.tonello.com\/wp-content\/uploads\/2024\/11\/book.png\",\"width\":1301,\"height\":975},{\"@type\":\"BreadcrumbList\",\"@id\":\"https:\/\/inspiring.tonello.com\/es\/la-historia\/#breadcrumb\",\"itemListElement\":[{\"@type\":\"ListItem\",\"position\":1,\"name\":\"Home\",\"item\":\"https:\/\/inspiring.tonello.com\/es\/\"},{\"@type\":\"ListItem\",\"position\":2,\"name\":\"La Historia\"}]},{\"@type\":\"WebSite\",\"@id\":\"https:\/\/inspiring.tonello.com\/es\/#website\",\"url\":\"https:\/\/inspiring.tonello.com\/es\/\",\"name\":\"Tonello Inspiring\",\"description\":\"\",\"potentialAction\":[{\"@type\":\"SearchAction\",\"target\":{\"@type\":\"EntryPoint\",\"urlTemplate\":\"https:\/\/inspiring.tonello.com\/es\/?s={search_term_string}\"},\"query-input\":\"required name=search_term_string\"}],\"inLanguage\":\"es\"}]}<\/script>\n<!-- \/ Yoast SEO plugin. -->","yoast_head_json":{"title":"La Historia - Tonello Inspiring","robots":{"index":"index","follow":"follow","max-snippet":"max-snippet:-1","max-image-preview":"max-image-preview:large","max-video-preview":"max-video-preview:-1"},"canonical":"https:\/\/inspiring.tonello.com\/es\/la-historia\/","og_locale":"es_ES","og_type":"article","og_title":"La Historia - Tonello Inspiring","og_description":"[et_pb_section fb_built=\u00bb1&#8243; _builder_version=\u00bb4.24.2&#8243; _module_preset=\u00bbdefault\u00bb background_color=\u00bbRGBA(255,255,255,0)\u00bb global_colors_info=\u00bb{}\u00bb][et_pb_row column_structure=\u00bb1_2,1_2&#8243; custom_padding_last_edited=\u00bbon|phone\u00bb _builder_version=\u00bb4.23.1&#8243; _module_preset=\u00bbdefault\u00bb custom_margin=\u00bb||||false|false\u00bb custom_padding_tablet=\u00bb\u00bb custom_padding_phone=\u00bb0px||||false|false\u00bb locked=\u00bboff\u00bb global_colors_info=\u00bb{}\u00bb][et_pb_column type=\u00bb1_2&#8243; _builder_version=\u00bb4.21.0&#8243; _module_preset=\u00bbdefault\u00bb global_colors_info=\u00bb{}\u00bb][et_pb_text _builder_version=\u00bb4.24.2&#8243; _module_preset=\u00bbdefault\u00bb header_2_font=\u00bb|800|||||||\u00bb header_2_text_color=\u00bb#000000&#8243; header_2_font_size=\u00bb7em\u00bb custom_margin=\u00bb||1%||false|false\u00bb header_2_font_size_tablet=\u00bb7em\u00bb header_2_font_size_phone=\u00bb5em\u00bb header_2_font_size_last_edited=\u00bbon|phone\u00bb global_colors_info=\u00bb{}\u00bb] La [\/et_pb_text][et_pb_text _builder_version=\u00bb4.24.2&#8243; _module_preset=\u00bbdefault\u00bb header_2_font=\u00bb||on||||||\u00bb header_2_text_color=\u00bb#000000&#8243; header_2_font_size=\u00bb7em\u00bb custom_margin=\u00bb-3%||||false|false\u00bb header_2_font_size_tablet=\u00bb7em\u00bb header_2_font_size_phone=\u00bb3.5em\u00bb header_2_font_size_last_edited=\u00bbon|phone\u00bb global_colors_info=\u00bb{}\u00bb] Historia [\/et_pb_text][et_pb_code _builder_version=\u00bb4.24.2&#8243; _module_preset=\u00bbdefault\u00bb transform_rotate=\u00bb10deg|0deg|45deg\u00bb positioning=\u00bbabsolute\u00bb position_origin_a=\u00bbcenter_center\u00bb width=\u00bb50%\u00bb locked=\u00bboff\u00bb global_colors_info=\u00bb{}\u00bb][\/et_pb_code][\/et_pb_column][et_pb_column type=\u00bb1_2&#8243; _builder_version=\u00bb4.21.0&#8243; _module_preset=\u00bbdefault\u00bb global_colors_info=\u00bb{}\u00bb][et_pb_image [&hellip;]","og_url":"https:\/\/inspiring.tonello.com\/es\/la-historia\/","og_site_name":"Tonello Inspiring","article_modified_time":"2024-05-23T13:07:25+00:00","twitter_card":"summary_large_image","twitter_misc":{"Tiempo de lectura":"6 minutos"},"schema":{"@context":"https:\/\/schema.org","@graph":[{"@type":"WebPage","@id":"https:\/\/inspiring.tonello.com\/es\/la-historia\/","url":"https:\/\/inspiring.tonello.com\/es\/la-historia\/","name":"La Historia - Tonello Inspiring","isPartOf":{"@id":"https:\/\/inspiring.tonello.com\/es\/#website"},"primaryImageOfPage":{"@id":"https:\/\/inspiring.tonello.com\/es\/la-historia\/#primaryimage"},"image":{"@id":"https:\/\/inspiring.tonello.com\/es\/la-historia\/#primaryimage"},"thumbnailUrl":"https:\/\/inspiring.tonello.com\/wp-content\/uploads\/2024\/11\/book.png","datePublished":"2024-02-26T16:16:19+00:00","dateModified":"2024-05-23T13:07:25+00:00","breadcrumb":{"@id":"https:\/\/inspiring.tonello.com\/es\/la-historia\/#breadcrumb"},"inLanguage":"es","potentialAction":[{"@type":"ReadAction","target":["https:\/\/inspiring.tonello.com\/es\/la-historia\/"]}]},{"@type":"ImageObject","inLanguage":"es","@id":"https:\/\/inspiring.tonello.com\/es\/la-historia\/#primaryimage","url":"https:\/\/inspiring.tonello.com\/wp-content\/uploads\/2024\/11\/book.png","contentUrl":"https:\/\/inspiring.tonello.com\/wp-content\/uploads\/2024\/11\/book.png","width":1301,"height":975},{"@type":"BreadcrumbList","@id":"https:\/\/inspiring.tonello.com\/es\/la-historia\/#breadcrumb","itemListElement":[{"@type":"ListItem","position":1,"name":"Home","item":"https:\/\/inspiring.tonello.com\/es\/"},{"@type":"ListItem","position":2,"name":"La Historia"}]},{"@type":"WebSite","@id":"https:\/\/inspiring.tonello.com\/es\/#website","url":"https:\/\/inspiring.tonello.com\/es\/","name":"Tonello Inspiring","description":"","potentialAction":[{"@type":"SearchAction","target":{"@type":"EntryPoint","urlTemplate":"https:\/\/inspiring.tonello.com\/es\/?s={search_term_string}"},"query-input":"required name=search_term_string"}],"inLanguage":"es"}]}},"_links":{"self":[{"href":"https:\/\/inspiring.tonello.com\/es\/wp-json\/wp\/v2\/pages\/741","targetHints":{"allow":["GET"]}}],"collection":[{"href":"https:\/\/inspiring.tonello.com\/es\/wp-json\/wp\/v2\/pages"}],"about":[{"href":"https:\/\/inspiring.tonello.com\/es\/wp-json\/wp\/v2\/types\/page"}],"author":[{"embeddable":true,"href":"https:\/\/inspiring.tonello.com\/es\/wp-json\/wp\/v2\/users\/1"}],"replies":[{"embeddable":true,"href":"https:\/\/inspiring.tonello.com\/es\/wp-json\/wp\/v2\/comments?post=741"}],"version-history":[{"count":6,"href":"https:\/\/inspiring.tonello.com\/es\/wp-json\/wp\/v2\/pages\/741\/revisions"}],"predecessor-version":[{"id":4161,"href":"https:\/\/inspiring.tonello.com\/es\/wp-json\/wp\/v2\/pages\/741\/revisions\/4161"}],"wp:featuredmedia":[{"embeddable":true,"href":"https:\/\/inspiring.tonello.com\/es\/wp-json\/wp\/v2\/media\/5413"}],"wp:attachment":[{"href":"https:\/\/inspiring.tonello.com\/es\/wp-json\/wp\/v2\/media?parent=741"}],"curies":[{"name":"wp","href":"https:\/\/api.w.org\/{rel}","templated":true}]}}